{"id":11,"date":"2024-11-27T20:07:43","date_gmt":"2024-11-27T20:07:43","guid":{"rendered":"https:\/\/scfireball118.ch\/?page_id=11"},"modified":"2025-01-12T16:44:26","modified_gmt":"2025-01-12T16:44:26","slug":"vorstand","status":"publish","type":"page","link":"https:\/\/scfireball118.ch\/index.php\/vorstand\/","title":{"rendered":"Vorstand"},"content":{"rendered":"\n<div class=\"wp-block-group alignfull has-global-padding is-layout-constrained wp-container-core-group-is-layout-b25ccd55 wp-block-group-is-layout-constrained\" style=\"margin-top:0;margin-bottom:0;padding-top:var(--wp--preset--spacing--50);padding-right:var(--wp--preset--spacing--50);padding-bottom:var(--wp--preset--spacing--50);padding-left:var(--wp--preset--spacing--50)\">\n<div class=\"wp-block-columns alignwide is-layout-flex wp-container-core-columns-is-layout-ff4b9c61 wp-block-columns-is-layout-flex\" style=\"margin-top:0;margin-bottom:0\">\n<div class=\"wp-block-column is-layout-flow wp-container-core-column-is-layout-8a368f38 wp-block-column-is-layout-flow\">\n<figure class=\"wp-block-image size-full is-style-rounded is-style-rounded--1\"><img loading=\"lazy\" decoding=\"async\" width=\"563\" height=\"655\" src=\"https:\/\/scfireball118.ch\/wp-content\/uploads\/2024\/11\/avatar-4.gif\" alt=\"\" class=\"wp-image-164\" style=\"aspect-ratio:3\/4;object-fit:cover\"\/><\/figure>\n\n\n\n<p class=\"has-text-align-center has-medium-font-size\">Pr\u00e4sident<\/p>\n\n\n\n<p class=\"has-text-align-center has-medium-font-size\">Stefan Noll<\/p>\n\n\n\n<p class=\"has-text-align-center has-small-font-size\"><a href=\"mailto:praesi@scfireball118.ch\">praesi@scfireball118.ch<\/a><\/p>\n<\/div>\n\n\n\n<div class=\"wp-block-column is-layout-flow wp-container-core-column-is-layout-8a368f38 wp-block-column-is-layout-flow\">\n<figure class=\"wp-block-image size-full is-style-rounded is-style-rounded--2\"><img loading=\"lazy\" decoding=\"async\" width=\"563\" height=\"655\" src=\"https:\/\/scfireball118.ch\/wp-content\/uploads\/2024\/11\/avatar-4-1.gif\" alt=\"\" class=\"wp-image-165\" style=\"aspect-ratio:3\/4;object-fit:cover\"\/><\/figure>\n\n\n\n<p class=\"has-text-align-center has-medium-font-size\">Vize-Pr\u00e4sident<\/p>\n\n\n\n<p class=\"has-text-align-center has-medium-font-size\">Marc Bassi<\/p>\n\n\n\n<p class=\"has-text-align-center has-small-font-size\"><a href=\"mailto:vizepraesi@scfireball118.ch\">vizepraesi@scfireball118.ch<\/a><\/p>\n<\/div>\n\n\n\n<div class=\"wp-block-column is-layout-flow wp-container-core-column-is-layout-8a368f38 wp-block-column-is-layout-flow\">\n<figure class=\"wp-block-image size-full is-style-rounded is-style-rounded--3\"><img loading=\"lazy\" decoding=\"async\" width=\"563\" height=\"655\" src=\"https:\/\/scfireball118.ch\/wp-content\/uploads\/2024\/11\/avatar-4-2.gif\" alt=\"\" class=\"wp-image-166\" style=\"aspect-ratio:3\/4;object-fit:cover\"\/><\/figure>\n\n\n\n<p class=\"has-text-align-center has-medium-font-size\">Aktuarin<\/p>\n\n\n\n<p class=\"has-text-align-center has-medium-font-size\">Andrea Brechb\u00fchl <\/p>\n\n\n\n<p class=\"has-text-align-center has-small-font-size\"><a href=\"mailto:aktuar@scfireball118.ch\">aktuar@scfireball118.ch<\/a><\/p>\n<\/div>\n\n\n\n<div class=\"wp-block-column is-layout-flow wp-container-core-column-is-layout-8a368f38 wp-block-column-is-layout-flow\">\n<figure class=\"wp-block-image size-full is-style-rounded is-style-rounded--4\"><img loading=\"lazy\" decoding=\"async\" width=\"563\" height=\"655\" src=\"https:\/\/scfireball118.ch\/wp-content\/uploads\/2024\/11\/avatar-4-3.gif\" alt=\"\" class=\"wp-image-167\" style=\"aspect-ratio:3\/4;object-fit:cover\"\/><\/figure>\n\n\n\n<p class=\"has-text-align-center has-medium-font-size\">Kassier<\/p>\n\n\n\n<p class=\"has-text-align-center has-medium-font-size\">Lars Wingeier<\/p>\n\n\n\n<p class=\"has-text-align-center has-small-font-size\"><a href=\"mailto:kassier@scfireball118.ch\">kassier@scfireball118.ch<\/a><\/p>\n<\/div>\n\n\n\n<div class=\"wp-block-column is-layout-flow wp-container-core-column-is-layout-8a368f38 wp-block-column-is-layout-flow\">\n<figure class=\"wp-block-image size-full is-style-rounded is-style-rounded--5\"><img loading=\"lazy\" decoding=\"async\" width=\"563\" height=\"655\" src=\"https:\/\/scfireball118.ch\/wp-content\/uploads\/2024\/11\/avatar-4-4.gif\" alt=\"\" class=\"wp-image-168\" style=\"aspect-ratio:3\/4;object-fit:cover\"\/><\/figure>\n\n\n\n<p class=\"has-text-align-center has-medium-font-size\">Beisitzer<\/p>\n\n\n\n<p class=\"has-text-align-center has-medium-font-size\">J\u00fcrg Flacher<\/p>\n\n\n\n<p class=\"has-text-align-center has-small-font-size\"><a href=\"mailto:beisitzer@scfireball118.ch\">beisitzer@scfireball118.ch<\/a><\/p>\n<\/div>\n<\/div>\n<\/div>\n","protected":false},"excerpt":{"rendered":"<p>Pr\u00e4sident Stefan Noll praesi@scfireball118.ch Vize-Pr\u00e4sident Marc Bassi vizepraesi@scfireball118.ch Aktuarin Andrea Brechb\u00fchl aktuar@scfireball118.ch Kassier Lars Wingeier kassier@scfireball118.ch Beisitzer J\u00fcrg Flacher beisitzer@scfireball118.ch<\/p>\n","protected":false},"author":1,"featured_media":0,"parent":0,"menu_order":2,"comment_status":"closed","ping_status":"closed","template":"","meta":{"pgc_sgb_lightbox_settings":"","_EventAllDay":false,"_EventTimezone":"","_EventStartDate":"","_EventEndDate":"","_EventStartDateUTC":"","_EventEndDateUTC":"","_EventShowMap":false,"_EventShowMapLink":false,"_EventURL":"","_EventCost":"","_EventCostDescription":"","_EventCurrencySymbol":"","_EventCurrencyCode":"","_EventCurrencyPosition":"","_EventDateTimeSeparator":"","_EventTimeRangeSeparator":"","_EventOrganizerID":[],"_EventVenueID":[],"_OrganizerEmail":"","_OrganizerPhone":"","_OrganizerWebsite":"","_VenueAddress":"","_VenueCity":"","_VenueCountry":"","_VenueProvince":"","_VenueState":"","_VenueZip":"","_VenuePhone":"","_VenueURL":"","_VenueStateProvince":"","_VenueLat":"","_VenueLng":"","_VenueShowMap":false,"_VenueShowMapLink":false,"footnotes":""},"class_list":["post-11","page","type-page","status-publish","hentry"],"_links":{"self":[{"href":"https:\/\/scfireball118.ch\/index.php\/wp-json\/wp\/v2\/pages\/11","targetHints":{"allow":["GET"]}}],"collection":[{"href":"https:\/\/scfireball118.ch\/index.php\/wp-json\/wp\/v2\/pages"}],"about":[{"href":"https:\/\/scfireball118.ch\/index.php\/wp-json\/wp\/v2\/types\/page"}],"author":[{"embeddable":true,"href":"https:\/\/scfireball118.ch\/index.php\/wp-json\/wp\/v2\/users\/1"}],"replies":[{"embeddable":true,"href":"https:\/\/scfireball118.ch\/index.php\/wp-json\/wp\/v2\/comments?post=11"}],"version-history":[{"count":18,"href":"https:\/\/scfireball118.ch\/index.php\/wp-json\/wp\/v2\/pages\/11\/revisions"}],"predecessor-version":[{"id":172,"href":"https:\/\/scfireball118.ch\/index.php\/wp-json\/wp\/v2\/pages\/11\/revisions\/172"}],"wp:attachment":[{"href":"https:\/\/scfireball118.ch\/index.php\/wp-json\/wp\/v2\/media?parent=11"}],"curies":[{"name":"wp","href":"https:\/\/api.w.org\/{rel}","templated":true}]}}